{"id":5592,"date":"2025-01-20T09:17:34","date_gmt":"2025-01-20T08:17:34","guid":{"rendered":"https:\/\/demo.wpzoom.com\/inspiro\/?page_id=5592"},"modified":"2025-06-20T18:52:11","modified_gmt":"2025-06-20T16:52:11","slug":"o-nas","status":"publish","type":"page","link":"https:\/\/bellavitacoach.eu\/?page_id=5592","title":{"rendered":"O nas"},"content":{"rendered":"\t\t<div data-elementor-type=\"wp-page\" data-elementor-id=\"5592\" class=\"elementor elementor-5592\">\n\t\t\t\t<div class=\"elementor-element elementor-element-dd02571 e-flex e-con-boxed e-con e-parent\" data-id=\"dd02571\" data-element_type=\"container\" data-settings=\"{&quot;background_background&quot;:&quot;gradient&quot;}\">\n\t\t\t\t\t<div class=\"e-con-inner\">\n\t\t\t\t<div class=\"elementor-element elementor-element-2a45c4a elementor-widget elementor-widget-heading\" data-id=\"2a45c4a\" data-element_type=\"widget\" data-widget_type=\"heading.default\">\n\t\t\t\t<div class=\"elementor-widget-container\">\n\t\t\t\t\t<h1 class=\"elementor-heading-title elementor-size-default\">Poznajmy si\u0119<\/h1>\t\t\t\t<\/div>\n\t\t\t\t<\/div>\n\t\t<div class=\"elementor-element elementor-element-747801d e-con-full e-flex e-con e-child\" data-id=\"747801d\" data-element_type=\"container\" data-settings=\"{&quot;background_background&quot;:&quot;classic&quot;}\">\n\t\t<div class=\"elementor-element elementor-element-533bd8c e-con-full e-flex e-con e-child\" data-id=\"533bd8c\" data-element_type=\"container\" data-settings=\"{&quot;background_background&quot;:&quot;classic&quot;}\">\n\t\t<div class=\"elementor-element elementor-element-6035008 e-con-full e-flex e-con e-child\" data-id=\"6035008\" data-element_type=\"container\">\n\t\t\t\t<div class=\"elementor-element elementor-element-1045064 elementor-widget elementor-widget-image\" data-id=\"1045064\" data-element_type=\"widget\" data-widget_type=\"image.default\">\n\t\t\t\t<div class=\"elementor-widget-container\">\n\t\t\t\t\t\t\t\t\t\t\t\t\t\t\t<img fetchpriority=\"high\" decoding=\"async\" width=\"947\" height=\"947\" src=\"https:\/\/bellavitacoach.eu\/wp-content\/uploads\/2025\/01\/Joanna-sq.jpg\" class=\"attachment-large size-large wp-image-7110\" alt=\"\" srcset=\"https:\/\/bellavitacoach.eu\/wp-content\/uploads\/2025\/01\/Joanna-sq.jpg 947w, https:\/\/bellavitacoach.eu\/wp-content\/uploads\/2025\/01\/Joanna-sq-300x300.jpg 300w, https:\/\/bellavitacoach.eu\/wp-content\/uploads\/2025\/01\/Joanna-sq-150x150.jpg 150w\" sizes=\"100vw\" \/>\t\t\t\t\t\t\t\t\t\t\t\t\t\t\t<\/div>\n\t\t\t\t<\/div>\n\t\t\t\t<div class=\"elementor-element elementor-element-162d402 elementor-widget elementor-widget-heading\" data-id=\"162d402\" data-element_type=\"widget\" data-widget_type=\"heading.default\">\n\t\t\t\t<div class=\"elementor-widget-container\">\n\t\t\t\t\t<h2 class=\"elementor-heading-title elementor-size-default\">Joanna G\u0142adysek<\/h2>\t\t\t\t<\/div>\n\t\t\t\t<\/div>\n\t\t\t\t<div class=\"elementor-element elementor-element-09f4c2a elementor-widget elementor-widget-text-editor\" data-id=\"09f4c2a\" data-element_type=\"widget\" data-widget_type=\"text-editor.default\">\n\t\t\t\t<div class=\"elementor-widget-container\">\n\t\t\t\t\t\t\t\t\t<p>RECOVERY Coach, LIFE COACH, SOMATIC COACH, T\u0141UMACZKA LITERACKA, LEKTORKA J\u0118ZYK\u00d3W OBCYCH<\/p>\t\t\t\t\t\t\t\t<\/div>\n\t\t\t\t<\/div>\n\t\t\t\t<\/div>\n\t\t<div class=\"elementor-element elementor-element-e5c001f e-flex e-con-boxed e-con e-child\" data-id=\"e5c001f\" data-element_type=\"container\">\n\t\t\t\t\t<div class=\"e-con-inner\">\n\t\t\t\t<div class=\"elementor-element elementor-element-8c2deac elementor-widget elementor-widget-text-editor\" data-id=\"8c2deac\" data-element_type=\"widget\" data-widget_type=\"text-editor.default\">\n\t\t\t\t<div class=\"elementor-widget-container\">\n\t\t\t\t\t\t\t\t\t<p>Od kiedy nauczy\u0142am si\u0119 sk\u0142ada\u0107 literki, nie przestaj\u0119 czyta\u0107, a zainteresowanie postaciami literackimi przerodzi\u0142o si\u0119 w ciekawo\u015b\u0107 ludzi. W \u017cyciu nap\u0119dza mnie wydobywanie na \u015bwiat\u0142o dzienne zdolno\u015bci i si\u0142y, o kt\u00f3rych ich w\u0142a\u015bciciele nie mieli poj\u0119cia. Najszcz\u0119\u015bliwsza jestem, kiedy widz\u0119, jak ludzie pi\u0119knie wzrastaj\u0105 i zara\u017caj\u0105 innych entuzjazmem i si\u0142\u0105. Towarzyszenie im w tym uwa\u017cam za najwi\u0119kszy przywilej.<\/p><p>Nadal lubi\u0119 robi\u0107 w literkach, ale \u017cywy kontakt z lud\u017ami i g\u0142\u0119bokie relacje s\u0105 mi niezb\u0119dne do \u017cycia. Mam szcz\u0119\u015bcie, \u017ce na tym polega moja praca. Kocham to, co robi\u0119, a od kiedy wprowadzi\u0142am p\u0142odozmian na przemian grzebi\u0105c w j\u0119zykach i zagl\u0105daj\u0105c ludziom do g\u0142owy i do serca, wr\u0119cz uwielbiam.<\/p><p>Matka trzech syn\u00f3w i jednej psicy. Narciarka, malarka, kucharka. Najbardziej lubi\u0119 le\u017ce\u0107 w trawie, gapi\u0107 si\u0119 w niebo i by\u0107. Medytuj\u0119 w tradycji Vipasana i uprawiam Tao codziennego krz\u0105tactwa. Generalnie lubi\u0119 \u017cy\u0107.<\/p>\t\t\t\t\t\t\t\t<\/div>\n\t\t\t\t<\/div>\n\t\t\t\t<div class=\"elementor-element elementor-element-9da049e elementor-widget elementor-widget-html\" data-id=\"9da049e\" data-element_type=\"widget\" data-widget_type=\"html.default\">\n\t\t\t\t<div class=\"elementor-widget-container\">\n\t\t\t\t\t<!-- Calendly link widget begin -->\r\n<link href=\"https:\/\/assets.calendly.com\/assets\/external\/widget.css\" rel=\"stylesheet\" >\r\n<script src=\"https:\/\/assets.calendly.com\/assets\/external\/widget.js\" type=\"text\/javascript\" async><\/script>\r\n<a href=\"\" onclick=\"Calendly.initPopupWidget({url: 'https:\/\/calendly.com\/joanna-coachingcodzienny\/30min?hide_gdpr_banner=1&background_color=ecedf7&text_color=274267&primary_color=664466'});return false;\" style=\"color:#ECEDF7;\" >Um\u00f3w spotkanie z Joann\u0105<\/a>\r\n<!-- Calendly link widget end -->\t\t\t\t<\/div>\n\t\t\t\t<\/div>\n\t\t\t\t\t<\/div>\n\t\t\t\t<\/div>\n\t\t\t\t<\/div>\n\t\t\t\t<\/div>\n\t\t\t\t<div class=\"elementor-element elementor-element-c801fcd pa-icon-pos-after premium-lq__none elementor-widget elementor-widget-premium-addon-button\" data-id=\"c801fcd\" data-element_type=\"widget\" data-widget_type=\"premium-addon-button.default\">\n\t\t\t\t<div class=\"elementor-widget-container\">\n\t\t\t\t\t\n\n\t\t<a class=\"premium-button premium-button-none premium-btn-block premium-button-none\" href=\"https:\/\/bellavitacoach.eu\/?page_id=628\">\n\t\t\t<div class=\"premium-button-text-icon-wrapper\">\n\t\t\t\t\n\t\t\t\t\t\t\t\t\t\t\t\t\t\t\t\t\t\t<svg class=\"svg-inline--fas-fa-arrow-alt-circle-right premium-drawable-icon premium-svg-nodraw\" aria-hidden='true' xmlns='http:\/\/www.w3.org\/2000\/svg' viewBox='0 0 512 512'><path d=\"M256 8c137 0 248 111 248 248S393 504 256 504 8 393 8 256 119 8 256 8zM140 300h116v70.9c0 10.7 13 16.1 20.5 8.5l114.3-114.9c4.7-4.7 4.7-12.2 0-16.9l-114.3-115c-7.6-7.6-20.5-2.2-20.5 8.5V212H140c-6.6 0-12 5.4-12 12v64c0 6.6 5.4 12 12 12z\"><\/path><\/svg>\t\t\t\t\t\t\t\t\t\t\t\t\t\t\t\n\t\t\t\t\t\t\t\t\t<span >\n\t\t\t\t\t\tSkontaktuj si\u0119 z nami\t\t\t\t\t<\/span>\n\t\t\t\t\t\t\t<\/div>\n\n\t\t\t\n\t\t\t\n\t\t\t\n\t\t<\/a>\n\n\n\t\t\t\t\t\t<\/div>\n\t\t\t\t<\/div>\n\t\t\t\t\t<\/div>\n\t\t\t\t<\/div>\n\t\t<div class=\"elementor-element elementor-element-81241b2 e-flex e-con-boxed e-con e-parent\" data-id=\"81241b2\" data-element_type=\"container\" data-settings=\"{&quot;background_background&quot;:&quot;classic&quot;}\">\n\t\t\t\t\t<div class=\"e-con-inner\">\n\t\t<div class=\"elementor-element elementor-element-cc68e30 e-con-full e-flex e-con e-child\" data-id=\"cc68e30\" data-element_type=\"container\">\n\t\t\t\t<div class=\"elementor-element elementor-element-2177eca elementor-widget elementor-widget-heading\" data-id=\"2177eca\" data-element_type=\"widget\" data-widget_type=\"heading.default\">\n\t\t\t\t<div class=\"elementor-widget-container\">\n\t\t\t\t\t<h2 class=\"elementor-heading-title elementor-size-default\">Referencje<\/h2>\t\t\t\t<\/div>\n\t\t\t\t<\/div>\n\t\t\t\t<div class=\"elementor-element elementor-element-5f52102 elementor-widget elementor-widget-image-gallery\" data-id=\"5f52102\" data-element_type=\"widget\" data-widget_type=\"image-gallery.default\">\n\t\t\t\t<div class=\"elementor-widget-container\">\n\t\t\t\t\t\t\t<div class=\"elementor-image-gallery\">\n\t\t\t<div id='gallery-1' class='gallery galleryid-5592 gallery-columns-2 gallery-size-medium_large'><figure class='gallery-item'>\n\t\t\t<div class='gallery-icon landscape'>\n\t\t\t\t<a data-elementor-open-lightbox=\"yes\" data-elementor-lightbox-slideshow=\"5f52102\" data-elementor-lightbox-title=\"A\u015bka - Recovery Coach\" data-e-action-hash=\"#elementor-action%3Aaction%3Dlightbox%26settings%3DeyJpZCI6ODIzNywidXJsIjoiaHR0cHM6XC9cL2JlbGxhdml0YWNvYWNoLmV1XC93cC1jb250ZW50XC91cGxvYWRzXC8yMDI1XC8wM1wvQXNrYS1SZWNvdmVyeS1Db2FjaC5qcGciLCJzbGlkZXNob3ciOiI1ZjUyMTAyIn0%3D\" href='https:\/\/bellavitacoach.eu\/wp-content\/uploads\/2025\/03\/Aska-Recovery-Coach.jpg'><img decoding=\"async\" width=\"768\" height=\"524\" src=\"https:\/\/bellavitacoach.eu\/wp-content\/uploads\/2025\/03\/Aska-Recovery-Coach.jpg\" class=\"attachment-medium_large size-medium_large\" alt=\"\" srcset=\"https:\/\/bellavitacoach.eu\/wp-content\/uploads\/2025\/03\/Aska-Recovery-Coach.jpg 1121w, https:\/\/bellavitacoach.eu\/wp-content\/uploads\/2025\/03\/Aska-Recovery-Coach-300x205.jpg 300w, https:\/\/bellavitacoach.eu\/wp-content\/uploads\/2025\/03\/Aska-Recovery-Coach-1024x699.jpg 1024w\" sizes=\"100vw\" \/><\/a>\n\t\t\t<\/div><\/figure><figure class='gallery-item'>\n\t\t\t<div class='gallery-icon landscape'>\n\t\t\t\t<a data-elementor-open-lightbox=\"yes\" data-elementor-lightbox-slideshow=\"5f52102\" data-elementor-lightbox-title=\"A\u015bka - Coaches raising The Power of Embodied transformation\" data-e-action-hash=\"#elementor-action%3Aaction%3Dlightbox%26settings%3DeyJpZCI6ODM1NCwidXJsIjoiaHR0cHM6XC9cL2JlbGxhdml0YWNvYWNoLmV1XC93cC1jb250ZW50XC91cGxvYWRzXC8yMDI1XC8wM1wvQXNrYS1Db2FjaGVzLXJhaXNpbmctVGhlLVBvd2VyLW9mLUVtYm9kaWVkLXRyYW5zZm9ybWF0aW9uLmpwZyIsInNsaWRlc2hvdyI6IjVmNTIxMDIifQ%3D%3D\" href='https:\/\/bellavitacoach.eu\/wp-content\/uploads\/2025\/03\/Aska-Coaches-raising-The-Power-of-Embodied-transformation.jpg'><img decoding=\"async\" width=\"768\" height=\"595\" src=\"https:\/\/bellavitacoach.eu\/wp-content\/uploads\/2025\/03\/Aska-Coaches-raising-The-Power-of-Embodied-transformation.jpg\" class=\"attachment-medium_large size-medium_large\" alt=\"\" srcset=\"https:\/\/bellavitacoach.eu\/wp-content\/uploads\/2025\/03\/Aska-Coaches-raising-The-Power-of-Embodied-transformation.jpg 1121w, https:\/\/bellavitacoach.eu\/wp-content\/uploads\/2025\/03\/Aska-Coaches-raising-The-Power-of-Embodied-transformation-300x232.jpg 300w, https:\/\/bellavitacoach.eu\/wp-content\/uploads\/2025\/03\/Aska-Coaches-raising-The-Power-of-Embodied-transformation-1024x793.jpg 1024w\" sizes=\"100vw\" \/><\/a>\n\t\t\t<\/div><\/figure><figure class='gallery-item'>\n\t\t\t<div class='gallery-icon landscape'>\n\t\t\t\t<a data-elementor-open-lightbox=\"yes\" data-elementor-lightbox-slideshow=\"5f52102\" data-elementor-lightbox-title=\"A\u015bka - Strozzi Embodied transformation\" data-e-action-hash=\"#elementor-action%3Aaction%3Dlightbox%26settings%3DeyJpZCI6ODIzNSwidXJsIjoiaHR0cHM6XC9cL2JlbGxhdml0YWNvYWNoLmV1XC93cC1jb250ZW50XC91cGxvYWRzXC8yMDI1XC8wM1wvQXNrYS1TdHJvenppLUVtYm9kaWVkLXRyYW5zZm9ybWF0aW9uLmpwZyIsInNsaWRlc2hvdyI6IjVmNTIxMDIifQ%3D%3D\" href='https:\/\/bellavitacoach.eu\/wp-content\/uploads\/2025\/03\/Aska-Strozzi-Embodied-transformation.jpg'><img loading=\"lazy\" decoding=\"async\" width=\"768\" height=\"527\" src=\"https:\/\/bellavitacoach.eu\/wp-content\/uploads\/2025\/03\/Aska-Strozzi-Embodied-transformation.jpg\" class=\"attachment-medium_large size-medium_large\" alt=\"\" srcset=\"https:\/\/bellavitacoach.eu\/wp-content\/uploads\/2025\/03\/Aska-Strozzi-Embodied-transformation.jpg 1120w, https:\/\/bellavitacoach.eu\/wp-content\/uploads\/2025\/03\/Aska-Strozzi-Embodied-transformation-300x206.jpg 300w, https:\/\/bellavitacoach.eu\/wp-content\/uploads\/2025\/03\/Aska-Strozzi-Embodied-transformation-1024x702.jpg 1024w\" sizes=\"100vw\" \/><\/a>\n\t\t\t<\/div><\/figure><figure class='gallery-item'>\n\t\t\t<div class='gallery-icon landscape'>\n\t\t\t\t<a data-elementor-open-lightbox=\"yes\" data-elementor-lightbox-slideshow=\"5f52102\" data-elementor-lightbox-title=\"A\u015bka - multicultural\" data-e-action-hash=\"#elementor-action%3Aaction%3Dlightbox%26settings%3DeyJpZCI6ODM4MywidXJsIjoiaHR0cHM6XC9cL2JlbGxhdml0YWNvYWNoLmV1XC93cC1jb250ZW50XC91cGxvYWRzXC8yMDI1XC8wM1wvQXNrYS1tdWx0aWN1bHR1cmFsLmpwZyIsInNsaWRlc2hvdyI6IjVmNTIxMDIifQ%3D%3D\" href='https:\/\/bellavitacoach.eu\/wp-content\/uploads\/2025\/03\/Aska-multicultural.jpg'><img loading=\"lazy\" decoding=\"async\" width=\"768\" height=\"527\" src=\"https:\/\/bellavitacoach.eu\/wp-content\/uploads\/2025\/03\/Aska-multicultural.jpg\" class=\"attachment-medium_large size-medium_large\" alt=\"\" srcset=\"https:\/\/bellavitacoach.eu\/wp-content\/uploads\/2025\/03\/Aska-multicultural.jpg 1120w, https:\/\/bellavitacoach.eu\/wp-content\/uploads\/2025\/03\/Aska-multicultural-300x206.jpg 300w, https:\/\/bellavitacoach.eu\/wp-content\/uploads\/2025\/03\/Aska-multicultural-1024x702.jpg 1024w\" sizes=\"100vw\" \/><\/a>\n\t\t\t<\/div><\/figure><figure class='gallery-item'>\n\t\t\t<div class='gallery-icon portrait'>\n\t\t\t\t<a data-elementor-open-lightbox=\"yes\" data-elementor-lightbox-slideshow=\"5f52102\" data-elementor-lightbox-title=\"A\u015bka - IRS recovery\" data-e-action-hash=\"#elementor-action%3Aaction%3Dlightbox%26settings%3DeyJpZCI6ODIzNiwidXJsIjoiaHR0cHM6XC9cL2JlbGxhdml0YWNvYWNoLmV1XC93cC1jb250ZW50XC91cGxvYWRzXC8yMDI1XC8wM1wvQXNrYS1JUlMtcmVjb3ZlcnkuanBnIiwic2xpZGVzaG93IjoiNWY1MjEwMiJ9\" href='https:\/\/bellavitacoach.eu\/wp-content\/uploads\/2025\/03\/Aska-IRS-recovery.jpg'><img loading=\"lazy\" decoding=\"async\" width=\"768\" height=\"1078\" src=\"https:\/\/bellavitacoach.eu\/wp-content\/uploads\/2025\/03\/Aska-IRS-recovery.jpg\" class=\"attachment-medium_large size-medium_large\" alt=\"\" srcset=\"https:\/\/bellavitacoach.eu\/wp-content\/uploads\/2025\/03\/Aska-IRS-recovery.jpg 1027w, https:\/\/bellavitacoach.eu\/wp-content\/uploads\/2025\/03\/Aska-IRS-recovery-214x300.jpg 214w, https:\/\/bellavitacoach.eu\/wp-content\/uploads\/2025\/03\/Aska-IRS-recovery-730x1024.jpg 730w\" sizes=\"100vw\" \/><\/a>\n\t\t\t<\/div><\/figure><figure class='gallery-item'>\n\t\t\t<div class='gallery-icon portrait'>\n\t\t\t\t<a data-elementor-open-lightbox=\"yes\" data-elementor-lightbox-slideshow=\"5f52102\" data-elementor-lightbox-title=\"A\u015bka - interventionist\" data-e-action-hash=\"#elementor-action%3Aaction%3Dlightbox%26settings%3DeyJpZCI6ODM4MiwidXJsIjoiaHR0cHM6XC9cL2JlbGxhdml0YWNvYWNoLmV1XC93cC1jb250ZW50XC91cGxvYWRzXC8yMDI1XC8wM1wvQXNrYS1pbnRlcnZlbnRpb25pc3QuanBnIiwic2xpZGVzaG93IjoiNWY1MjEwMiJ9\" href='https:\/\/bellavitacoach.eu\/wp-content\/uploads\/2025\/03\/Aska-interventionist.jpg'><img loading=\"lazy\" decoding=\"async\" width=\"768\" height=\"1075\" src=\"https:\/\/bellavitacoach.eu\/wp-content\/uploads\/2025\/03\/Aska-interventionist.jpg\" class=\"attachment-medium_large size-medium_large\" alt=\"\" srcset=\"https:\/\/bellavitacoach.eu\/wp-content\/uploads\/2025\/03\/Aska-interventionist.jpg 1029w, https:\/\/bellavitacoach.eu\/wp-content\/uploads\/2025\/03\/Aska-interventionist-214x300.jpg 214w, https:\/\/bellavitacoach.eu\/wp-content\/uploads\/2025\/03\/Aska-interventionist-732x1024.jpg 732w\" sizes=\"100vw\" \/><\/a>\n\t\t\t<\/div><\/figure>\n\t\t<\/div>\n\t\t<\/div>\n\t\t\t\t\t\t<\/div>\n\t\t\t\t<\/div>\n\t\t\t\t<\/div>\n\t\t\t\t\t<\/div>\n\t\t\t\t<\/div>\n\t\t<div class=\"elementor-element elementor-element-61ad14f e-flex e-con-boxed e-con e-parent\" data-id=\"61ad14f\" data-element_type=\"container\" data-settings=\"{&quot;background_background&quot;:&quot;classic&quot;}\">\n\t\t\t\t\t<div class=\"e-con-inner\">\n\t\t<div class=\"elementor-element elementor-element-af22794 e-con-full e-flex e-con e-child\" data-id=\"af22794\" data-element_type=\"container\">\n\t\t\t\t<div class=\"elementor-element elementor-element-8991a09 elementor-widget elementor-widget-text-editor\" data-id=\"8991a09\" data-element_type=\"widget\" data-widget_type=\"text-editor.default\">\n\t\t\t\t<div class=\"elementor-widget-container\">\n\t\t\t\t\t\t\t\t\t<p>T\u0142o:\u00a0<\/p>\t\t\t\t\t\t\t\t<\/div>\n\t\t\t\t<\/div>\n\t\t\t\t<div class=\"elementor-element elementor-element-8a5b875 elementor-widget elementor-widget-html\" data-id=\"8a5b875\" data-element_type=\"widget\" data-widget_type=\"html.default\">\n\t\t\t\t<div class=\"elementor-widget-container\">\n\t\t\t\t\t<a style=\"color:#92A9D5\" href=\"https:\/\/www.vecteezy.com\/vector-art\/574406-purple-polygonal-mosaic-background-creative-design-templates\">Background Vectors by Vecteezy<\/a>\t\t\t\t<\/div>\n\t\t\t\t<\/div>\n\t\t\t\t<\/div>\n\t\t\t\t\t<\/div>\n\t\t\t\t<\/div>\n\t\t\t\t<\/div>\n\t\t","protected":false},"excerpt":{"rendered":"<p>Poznajmy si\u0119 Joanna G\u0142adysek RECOVERY Coach, LIFE COACH, SOMATIC COACH, T\u0141UMACZKA LITERACKA, LEKTORKA J\u0118ZYK\u00d3W OBCYCH Od kiedy nauczy\u0142am si\u0119 sk\u0142ada\u0107 literki, nie przestaj\u0119 czyta\u0107, a zainteresowanie postaciami literackimi przerodzi\u0142o si\u0119 w ciekawo\u015b\u0107 ludzi. W \u017cyciu nap\u0119dza mnie wydobywanie na \u015bwiat\u0142o dzienne zdolno\u015bci i si\u0142y, o kt\u00f3rych ich w\u0142a\u015bciciele nie mieli poj\u0119cia. Najszcz\u0119\u015bliwsza jestem, kiedy widz\u0119, &hellip; <\/p>\n<p class=\"link-more\"><a href=\"https:\/\/bellavitacoach.eu\/?page_id=5592\" class=\"more-link\">Read more<span class=\"screen-reader-text\"> &#8222;O nas&#8221;<\/span><\/a><\/p>\n","protected":false},"author":3,"featured_media":0,"parent":0,"menu_order":0,"comment_status":"closed","ping_status":"closed","template":"elementor_header_footer","meta":{"footnotes":""},"class_list":["post-5592","page","type-page","status-publish","hentry"],"_links":{"self":[{"href":"https:\/\/bellavitacoach.eu\/index.php?rest_route=\/wp\/v2\/pages\/5592","targetHints":{"allow":["GET"]}}],"collection":[{"href":"https:\/\/bellavitacoach.eu\/index.php?rest_route=\/wp\/v2\/pages"}],"about":[{"href":"https:\/\/bellavitacoach.eu\/index.php?rest_route=\/wp\/v2\/types\/page"}],"author":[{"embeddable":true,"href":"https:\/\/bellavitacoach.eu\/index.php?rest_route=\/wp\/v2\/users\/3"}],"replies":[{"embeddable":true,"href":"https:\/\/bellavitacoach.eu\/index.php?rest_route=%2Fwp%2Fv2%2Fcomments&post=5592"}],"version-history":[{"count":9,"href":"https:\/\/bellavitacoach.eu\/index.php?rest_route=\/wp\/v2\/pages\/5592\/revisions"}],"predecessor-version":[{"id":8585,"href":"https:\/\/bellavitacoach.eu\/index.php?rest_route=\/wp\/v2\/pages\/5592\/revisions\/8585"}],"wp:attachment":[{"href":"https:\/\/bellavitacoach.eu\/index.php?rest_route=%2Fwp%2Fv2%2Fmedia&parent=5592"}],"curies":[{"name":"wp","href":"https:\/\/api.w.org\/{rel}","templated":true}]}}